{"id":367,"date":"2022-06-17T05:45:31","date_gmt":"2022-06-17T03:45:31","guid":{"rendered":"http:\/\/gasthof-breiteben.it.w01cc0ac.kasserver.com\/wordpress\/impressum\/"},"modified":"2022-07-19T12:38:37","modified_gmt":"2022-07-19T10:38:37","slug":"colophon","status":"publish","type":"page","link":"https:\/\/gasthof-breiteben.it\/it\/colophon\/","title":{"rendered":"Colophon"},"content":{"rendered":"[divider line_type=&#8221;no-line&#8221; custom_height=&#8221;50&#8243;]\n<h1>Colophon<\/h1>\n[divider line_type=&#8221;no-line&#8221; custom_height=&#8221;50&#8243;]\n<p><strong>Titolo aziendale:<\/strong><br \/>\nGasthof Breiteben OHG der Wilhelm Anna &amp; Co.<\/p>\n<p>Partito IVA: 00739820215<br \/>\niscritto nella camera di commercio di Bolzano<br \/>\nsotto il numero HK.-BZ Nr. 008-18045<\/p>\n<p>Indirizzo: Via Breiteben 3<br \/>\nCAP\/localit\u00e0: 39010 St. Martin in Passeier &#8211; S\u00fcdtirol &#8211; Italien<br \/>\nTel: 0039-0473-656249<br \/>\nE-Mail: info@gasthof-breiteben.it<br \/>\nProprietario: Wilhelm Anna<\/p>\n<p>&#8212;<\/p>\n<p><strong>FOTO:<\/strong><\/p>\n<p><strong>PROGRAMMAZIONE:<\/strong><br \/>\nfahrner web . grafik<br \/>\n<a href=\"https:\/\/fahrner.it\/\">www.fahrner.it<\/a><\/p>\n<p>&nbsp;<\/p>\n<p>1. Contenuto dell&#8217;offerta online<\/p>\n<p>Ci sforziamo di fornire informazioni corrette e complete su questo sito web. Tuttavia, non ci assumiamo alcuna responsabilit\u00e0 o garanzia per l&#8217;attualit\u00e0, correttezza e completezza delle informazioni fornite. Ci riserviamo il diritto di apportare modifiche o integrazioni alle informazioni fornite senza preavviso.<\/p>\n<p>2. Riferimenti e collegamenti<\/p>\n<p>Nonostante un attento controllo dei contenuti, non ci assumiamo alcuna responsabilit\u00e0 per il contenuto dei link esterni. Gli operatori delle pagine collegate sono gli unici responsabili del loro contenuto.<\/p>\n<p>3. Diritto d&#8217;autore (diritto d&#8217;autore e diritto dei marchi)<\/p>\n<p>Il contenuto di questo sito Web \u00e8 protetto da copyright. La riproduzione o l&#8217;uso in altre pubblicazioni elettroniche o stampate non \u00e8 consentita senza il nostro esplicito consenso.<\/p>\n<p>impronta<\/p>\n<p>4. Privacy<\/p>\n<p>Ai sensi della legge 31\/12\/1996 n.675 \u201cPrivacy\u201d artt.10 e 13<\/p>\n<p>Richiesta, rettifica e\/o cancellazione (tranne i dati commerciali) di dati personali tramite Atelier Prinoth, Trojenweg 11, 39010 Cerms (BZ) Alto Adige. Italia o info@atelierprinoth.com<\/p>\n<p>In linea di principio, puoi navigare in modo anonimo. Quando ti iscrivi a un servizio, ti chiediamo nomi e altre informazioni personali. \u00c8 una tua decisione inserire questi dati.<\/p>\n<p>Archiviamo i dati registrati sui nostri server protetti e utilizzando Google Analytics e li utilizziamo internamente.<\/p>\n<p>I cookie (file di testo memorizzati localmente dal browser) ci aiutano a progettare in modo ottimale il nostro sito Web in base alle vostre esigenze e desideri. I dati personali vengono memorizzati solo su richiesta espressa (ad es. per moduli o login).<\/p>\n<p>I file di log (parametri di accesso alle pagine) vengono da noi valutati statisticamente al fine di analizzare gli andamenti.<\/p>\n<p>5. Effetto giuridico<\/p>\n<p>Se parti o singole formulazioni di questo testo non corrispondono, non corrispondono pi\u00f9 o non corrispondono completamente alla situazione giuridica applicabile, le restanti parti del documento rimangono inalterate nel loro contenuto e validit\u00e0. L&#8217;utilizzo del sito web non crea alcun contratto o diritto. Le controversie legali sono risolte presso il tribunale competente per noi.<\/p>\n<p>Disclaimer:<\/p>\n<p>Questo sito contiene collegamenti a siti esterni gestiti, pubblicati, gestiti o pubblicati da operatori esterni.<\/p>\n<p>Queste pagine sono al di fuori della sfera di influenza di Atelier Prinoth. Pertanto, non possiamo assumerci alcuna responsabilit\u00e0 per il loro contenuto. I loro operatori sono gli unici responsabili per il contenuto menzionato. Al momento dell&#8217;inserimento del link non c&#8217;erano contenuti ovviamente illegali nelle pagine esterne collegate.<\/p>\n<p>La nostra opinione pu\u00f2 differire dalle opinioni sui siti esterni. Questo sito web viene aggiornato regolarmente. Tuttavia, nessuna garanzia pu\u00f2 essere data per la correttezza, liceit\u00e0, attualit\u00e0, completezza e disponibilit\u00e0 delle informazioni o dei dati.<\/p>","protected":false},"excerpt":{"rendered":"<p>[divider line_type=&#8221;no-line&#8221; custom_height=&#8221;50&#8243;] Colophon [divider line_type=&#8221;no-line&#8221; custom_height=&#8221;50&#8243;] Titolo aziendale: Gasthof Breiteben OHG der Wilhelm Anna &amp; Co. Partito IVA: 00739820215 iscritto nella camera di commercio di Bolzano sotto il numero&#8230;<\/p>\n","protected":false},"author":1,"featured_media":0,"parent":0,"menu_order":92,"comment_status":"closed","ping_status":"closed","template":"","meta":{"footnotes":""},"class_list":["post-367","page","type-page","status-publish"],"_links":{"self":[{"href":"https:\/\/gasthof-breiteben.it\/it\/wp-json\/wp\/v2\/pages\/367","targetHints":{"allow":["GET"]}}],"collection":[{"href":"https:\/\/gasthof-breiteben.it\/it\/wp-json\/wp\/v2\/pages"}],"about":[{"href":"https:\/\/gasthof-breiteben.it\/it\/wp-json\/wp\/v2\/types\/page"}],"author":[{"embeddable":true,"href":"https:\/\/gasthof-breiteben.it\/it\/wp-json\/wp\/v2\/users\/1"}],"replies":[{"embeddable":true,"href":"https:\/\/gasthof-breiteben.it\/it\/wp-json\/wp\/v2\/comments?post=367"}],"version-history":[{"count":0,"href":"https:\/\/gasthof-breiteben.it\/it\/wp-json\/wp\/v2\/pages\/367\/revisions"}],"wp:attachment":[{"href":"https:\/\/gasthof-breiteben.it\/it\/wp-json\/wp\/v2\/media?parent=367"}],"curies":[{"name":"wp","href":"https:\/\/api.w.org\/{rel}","templated":true}]}}